{"id":2092,"date":"2024-10-09T22:12:49","date_gmt":"2024-10-09T22:12:49","guid":{"rendered":"https:\/\/inspiracapital.com.br\/portal\/?page_id=2092"},"modified":"2024-10-09T22:41:51","modified_gmt":"2024-10-09T22:41:51","slug":"empresa-bpo-financeiro-limeira","status":"publish","type":"page","link":"https:\/\/inspiracapital.com.br\/portal\/empresa-bpo-financeiro-limeira\/","title":{"rendered":"Empresa de BPO Financeiro em Limeira: descubra os benef\u00edcios!"},"content":{"rendered":"\t\t<div data-elementor-type=\"wp-page\" data-elementor-id=\"2092\" class=\"elementor elementor-2092\" data-elementor-post-type=\"page\">\n\t\t\t\t<div class=\"elementor-element elementor-element-88d2678 e-flex e-con-boxed e-con e-parent\" data-id=\"88d2678\" data-element_type=\"container\" data-e-type=\"container\" data-settings=\"{&quot;background_background&quot;:&quot;classic&quot;}\">\n\t\t\t\t\t<div class=\"e-con-inner\">\n\t\t<div class=\"elementor-element elementor-element-4996e93 e-con-full e-flex e-con e-child\" data-id=\"4996e93\" data-element_type=\"container\" data-e-type=\"container\">\n\t\t\t\t<div class=\"elementor-element elementor-element-79aa417 elementor-widget elementor-widget-image\" data-id=\"79aa417\" data-element_type=\"widget\" data-e-type=\"widget\" data-widget_type=\"image.default\">\n\t\t\t\t<div class=\"elementor-widget-container\">\n\t\t\t\t\t\t\t\t\t\t\t\t\t\t\t<img fetchpriority=\"high\" decoding=\"async\" width=\"3015\" height=\"1249\" src=\"https:\/\/inspiracapital.com.br\/portal\/wp-content\/uploads\/2024\/09\/logo-inspira-white.png\" class=\"attachment-full size-full wp-image-1977\" alt=\"\" srcset=\"https:\/\/inspiracapital.com.br\/portal\/wp-content\/uploads\/2024\/09\/logo-inspira-white.png 3015w, https:\/\/inspiracapital.com.br\/portal\/wp-content\/uploads\/2024\/09\/logo-inspira-white-500x207.png 500w, https:\/\/inspiracapital.com.br\/portal\/wp-content\/uploads\/2024\/09\/logo-inspira-white-1200x497.png 1200w, https:\/\/inspiracapital.com.br\/portal\/wp-content\/uploads\/2024\/09\/logo-inspira-white-300x124.png 300w, https:\/\/inspiracapital.com.br\/portal\/wp-content\/uploads\/2024\/09\/logo-inspira-white-768x318.png 768w, https:\/\/inspiracapital.com.br\/portal\/wp-content\/uploads\/2024\/09\/logo-inspira-white-1536x636.png 1536w, https:\/\/inspiracapital.com.br\/portal\/wp-content\/uploads\/2024\/09\/logo-inspira-white-2048x848.png 2048w, https:\/\/inspiracapital.com.br\/portal\/wp-content\/uploads\/2024\/09\/logo-inspira-white-150x62.png 150w\" sizes=\"(max-width: 3015px) 100vw, 3015px\" \/>\t\t\t\t\t\t\t\t\t\t\t\t\t\t\t<\/div>\n\t\t\t\t<\/div>\n\t\t\t\t<div class=\"elementor-element elementor-element-01a8606 elementor-widget elementor-widget-heading\" data-id=\"01a8606\" data-element_type=\"widget\" data-e-type=\"widget\" data-widget_type=\"heading.default\">\n\t\t\t\t<div class=\"elementor-widget-container\">\n\t\t\t\t\t<span class=\"elementor-heading-title elementor-size-default\">O Melhor <span style=\"color: #ff8a00\">BPO Financeiro do Brasil<\/span> Perfeito para Sua Empresa!<\/span>\t\t\t\t<\/div>\n\t\t\t\t<\/div>\n\t\t\t\t<div class=\"elementor-element elementor-element-2b92eaa elementor-widget elementor-widget-heading\" data-id=\"2b92eaa\" data-element_type=\"widget\" data-e-type=\"widget\" data-widget_type=\"heading.default\">\n\t\t\t\t<div class=\"elementor-widget-container\">\n\t\t\t\t\t<span class=\"elementor-heading-title elementor-size-default\">Transforme a maneira como voc\u00ea lida com as finan\u00e7as. Deixe a burocracia com a gente e foque em expandir sua empresa!<\/span>\t\t\t\t<\/div>\n\t\t\t\t<\/div>\n\t\t\t\t<\/div>\n\t\t<div class=\"elementor-element elementor-element-d10a51f e-con-full e-flex e-con e-child\" data-id=\"d10a51f\" data-element_type=\"container\" data-e-type=\"container\" data-settings=\"{&quot;background_background&quot;:&quot;classic&quot;}\">\n\t\t\t\t<div class=\"elementor-element elementor-element-15c9ffd elementor-widget elementor-widget-heading\" data-id=\"15c9ffd\" data-element_type=\"widget\" data-e-type=\"widget\" data-widget_type=\"heading.default\">\n\t\t\t\t<div class=\"elementor-widget-container\">\n\t\t\t\t\t<h2 class=\"elementor-heading-title elementor-size-default\">Sua empresa merece o melhor! Qualidade garantida.<\/h2>\t\t\t\t<\/div>\n\t\t\t\t<\/div>\n\t\t\t\t<div class=\"elementor-element elementor-element-7cf4577 elementor-widget elementor-widget-heading\" data-id=\"7cf4577\" data-element_type=\"widget\" data-e-type=\"widget\" data-widget_type=\"heading.default\">\n\t\t\t\t<div class=\"elementor-widget-container\">\n\t\t\t\t\t<h2 class=\"elementor-heading-title elementor-size-default\">Preencha agora o formulario, aproveite que voc\u00ea n\u00e3o vai pagar multa! Primeiros 30 dias s\u00e3o gratuitos. <\/h2>\t\t\t\t<\/div>\n\t\t\t\t<\/div>\n\t\t\t\t<div class=\"elementor-element elementor-element-8b913fc elementor-button-align-stretch elementor-widget elementor-widget-form\" data-id=\"8b913fc\" data-element_type=\"widget\" data-e-type=\"widget\" data-settings=\"{&quot;step_next_label&quot;:&quot;Next&quot;,&quot;step_previous_label&quot;:&quot;Previous&quot;,&quot;button_width&quot;:&quot;100&quot;,&quot;step_type&quot;:&quot;number_text&quot;,&quot;step_icon_shape&quot;:&quot;circle&quot;}\" data-widget_type=\"form.default\">\n\t\t\t\t<div class=\"elementor-widget-container\">\n\t\t\t\t\t\t\t<form class=\"elementor-form\" method=\"post\" name=\"BPO_BLOG\">\n\t\t\t<input type=\"hidden\" name=\"post_id\" value=\"2092\"\/>\n\t\t\t<input type=\"hidden\" name=\"form_id\" value=\"8b913fc\"\/>\n\t\t\t<input type=\"hidden\" name=\"referer_title\" value=\"Portal Inspira Capital\" \/>\n\n\t\t\t\n\t\t\t<div class=\"elementor-form-fields-wrapper elementor-labels-\">\n\t\t\t\t\t\t\t\t<div class=\"elementor-field-type-text elementor-field-group elementor-column elementor-field-group-name elementor-col-100 elementor-field-required\">\n\t\t\t\t\t\t\t\t\t\t\t\t<label for=\"form-field-name\" class=\"elementor-field-label elementor-screen-only\">\n\t\t\t\t\t\t\t\tNome\t\t\t\t\t\t\t<\/label>\n\t\t\t\t\t\t\t\t\t\t\t\t\t\t<input size=\"1\" type=\"text\" name=\"form_fields[name]\" id=\"form-field-name\" class=\"elementor-field elementor-size-sm  elementor-field-textual\" placeholder=\"Nome\" required=\"required\" aria-required=\"true\">\n\t\t\t\t\t\t\t\t\t\t\t<\/div>\n\t\t\t\t\t\t\t\t<div class=\"elementor-field-type-email elementor-field-group elementor-column elementor-field-group-email elementor-col-100 elementor-field-required\">\n\t\t\t\t\t\t\t\t\t\t\t\t<label for=\"form-field-email\" class=\"elementor-field-label elementor-screen-only\">\n\t\t\t\t\t\t\t\tEmail\t\t\t\t\t\t\t<\/label>\n\t\t\t\t\t\t\t\t\t\t\t\t\t\t<input size=\"1\" type=\"email\" name=\"form_fields[email]\" id=\"form-field-email\" class=\"elementor-field elementor-size-sm  elementor-field-textual\" placeholder=\"Email\" required=\"required\" aria-required=\"true\">\n\t\t\t\t\t\t\t\t\t\t\t<\/div>\n\t\t\t\t\t\t\t\t<div class=\"elementor-field-type-text elementor-field-group elementor-column elementor-field-group-field_01f4c63 elementor-col-100 elementor-field-required\">\n\t\t\t\t\t\t\t\t\t\t\t\t<label for=\"form-field-field_01f4c63\" class=\"elementor-field-label elementor-screen-only\">\n\t\t\t\t\t\t\t\tTelefone\t\t\t\t\t\t\t<\/label>\n\t\t\t\t\t\t\t\t\t\t\t\t\t\t<input size=\"1\" type=\"text\" name=\"form_fields[field_01f4c63]\" id=\"form-field-field_01f4c63\" class=\"elementor-field elementor-size-sm  elementor-field-textual\" placeholder=\"Telefone\" required=\"required\" aria-required=\"true\">\n\t\t\t\t\t\t\t\t\t\t\t<\/div>\n\t\t\t\t\t\t\t\t<div class=\"elementor-field-type-text elementor-field-group elementor-column elementor-field-group-field_c58a66b elementor-col-100 elementor-field-required\">\n\t\t\t\t\t\t\t\t\t\t\t\t<label for=\"form-field-field_c58a66b\" class=\"elementor-field-label elementor-screen-only\">\n\t\t\t\t\t\t\t\tNome da empresa\t\t\t\t\t\t\t<\/label>\n\t\t\t\t\t\t\t\t\t\t\t\t\t\t<input size=\"1\" type=\"text\" name=\"form_fields[field_c58a66b]\" id=\"form-field-field_c58a66b\" class=\"elementor-field elementor-size-sm  elementor-field-textual\" placeholder=\"Nome da empresa\" required=\"required\" aria-required=\"true\">\n\t\t\t\t\t\t\t\t\t\t\t<\/div>\n\t\t\t\t\t\t\t\t<div class=\"elementor-field-group elementor-column elementor-field-type-submit elementor-col-100 e-form__buttons\">\n\t\t\t\t\t<button type=\"submit\" class=\"elementor-button elementor-size-sm elementor-animation-grow\">\n\t\t\t\t\t\t<span >\n\t\t\t\t\t\t\t\t\t\t\t\t\t\t\t<span class=\" elementor-button-icon\">\n\t\t\t\t\t\t\t\t\t\t\t\t\t\t\t\t\t\t\t\t\t\t\t\t\t\t<\/span>\n\t\t\t\t\t\t\t\t\t\t\t\t\t\t\t\t\t\t\t\t\t\t<span class=\"elementor-button-text\">ENVIAR<\/span>\n\t\t\t\t\t\t\t\t\t\t\t\t\t<\/span>\n\t\t\t\t\t<\/button>\n\t\t\t\t<\/div>\n\t\t\t<\/div>\n\t\t<\/form>\n\t\t\t\t\t\t<\/div>\n\t\t\t\t<\/div>\n\t\t\t\t<\/div>\n\t\t\t\t\t<\/div>\n\t\t\t\t<\/div>\n\t\t<div class=\"elementor-element elementor-element-34b3efc e-flex e-con-boxed e-con e-parent\" data-id=\"34b3efc\" data-element_type=\"container\" data-e-type=\"container\">\n\t\t\t\t\t<div class=\"e-con-inner\">\n\t\t\t\t<div class=\"elementor-element elementor-element-73b1c23 elementor-widget elementor-widget-text-editor\" data-id=\"73b1c23\" data-element_type=\"widget\" data-e-type=\"widget\" data-widget_type=\"text-editor.default\">\n\t\t\t\t<div class=\"elementor-widget-container\">\n\t\t\t\t\t\t\t\t\t<p><\/p>\n<h1>Empresa de BPO Financeiro em Limeira: Quais s\u00e3o os benef\u00edcios?<\/h1>\n<p>Limeira, localizada no interior do estado de S\u00e3o Paulo, \u00e9 uma cidade conhecida por sua economia diversificada e din\u00e2mica, abrigando um grande n\u00famero de empresas de diversos setores.<\/p>\n<p>Nesse cen\u00e1rio, as empresas enfrentam desafios espec\u00edficos relacionados ao gerenciamento financeiro, cont\u00e1bil, fiscal e de recursos humanos. \u00c9 a\u00ed que entra a empresa de BPO Financeiro.<\/p>\n<p>Neste artigo, exploraremos os principais benef\u00edcios de se contar com uma empresa de BPO financeiro em Limeira, destacando como essa parceria pode impulsionar o sucesso e a efici\u00eancia das organiza\u00e7\u00f5es na regi\u00e3o. Se interessou pelo assunto? Continue a leitura!<\/p>\n<h2>Mas o que \u00e9 BPO Financeiro?&nbsp;<\/h2><p>O BPO financeiro \u00e9 um servi\u00e7o especializado que assume o controle de todas as atividades financeiras de uma empresa, permitindo que ela se concentre em suas principais opera\u00e7\u00f5es.<\/p>\n<p>Em vez de lidar internamente com tarefas como contabilidade, controle de contas a pagar e receber e folha de pagamento, as organiza\u00e7\u00f5es podem optar por terceirizar essas responsabilidades para uma empresa especializada em BPO financeiro.<\/p>\n<p>Essa terceiriza\u00e7\u00e3o traz diversos benef\u00edcios significativos para as empresas. Em primeiro lugar, elas t\u00eam acesso a expertise especializada, com profissionais capacitados e experientes cuidando das suas finan\u00e7as. Isso ajuda a garantir a precis\u00e3o dos dados financeiros e o cumprimento de todas as obriga\u00e7\u00f5es fiscais.<\/p>\n<p>Al\u00e9m disso, ao delegar as tarefas financeiras a um provedor de BPO, as empresas podem aprimorar sua efici\u00eancia operacional. Isso ocorre porque a equipe interna pode se concentrar em suas fun\u00e7\u00f5es principais, aumentando a produtividade geral da empresa.<\/p>\n<p>Um benef\u00edcio importante \u00e9 a capacidade de direcionar o foco estrat\u00e9gico da empresa. Com as tarefas financeiras sob controle de especialistas em BPO, os gestores podem dedicar mais tempo e esfor\u00e7o ao atendimento ao cliente, ao desenvolvimento de novos produtos e \u00e0 defini\u00e7\u00e3o de estrat\u00e9gias de crescimento.<\/p>\n<p>Como falamos no in\u00edcio do texto, a implementa\u00e7\u00e3o do BPO financeiro traz uma s\u00e9rie de benef\u00edcios \u00e0s empresas. Ent\u00e3o, que tal explorarmos alguns deles? Continue a leitura para descobrir mais!<\/p>\n<h2>Por que adotar uma empresa de BPO financeiro em Limeira \u00e9 fundamental para o seu neg\u00f3cio?<\/h2>\n<p>Quando se busca aprimorar os procedimentos financeiros e impulsionar o sucesso de sua empresa em Limeira, optar por uma empresa de BPO financeiro \u00e9 uma decis\u00e3o estrat\u00e9gica de extrema relev\u00e2ncia.<\/p>\n<p>Essa abordagem traz consigo uma s\u00e9rie de benef\u00edcios significativos. Vamos explorar alguns deles no pr\u00f3ximo t\u00f3pico para entender por que essa escolha \u00e9 t\u00e3o vantajosa. Continue a leitura para descobrir mais!<\/p>\n<h3>Foco nas atividades principais<\/h3>\n<p>Ao delegar as tarefas financeiras a uma empresa de BPO, sua equipe interna pode se concentrar nas atividades principais do neg\u00f3cio.<\/p>\n<p>Isso permite que os funcion\u00e1rios direcionem seu tempo e esfor\u00e7os para impulsionar a inova\u00e7\u00e3o, melhorar o atendimento ao cliente e desenvolver estrat\u00e9gias para o crescimento da empresa.<\/p>\n<p>A redu\u00e7\u00e3o da carga de trabalho administrativo libera recursos valiosos para atividades estrat\u00e9gicas e operacionais.<\/p>\n<h3>Acesso a tecnologias avan\u00e7adas<\/h3>\n<p>As empresas de BPO financeiro geralmente investem em tecnologias e sistemas avan\u00e7ados para otimizar seus processos.<\/p>\n<p>Ao adotar esse sistema, sua empresa pode se beneficiar do uso dessas ferramentas sem precisar fazer altos investimentos em infraestrutura tecnol\u00f3gica.<\/p>\n<p>Isso inclui softwares de contabilidade, solu\u00e7\u00f5es de automa\u00e7\u00e3o financeira e sistemas de seguran\u00e7a de dados, contribuindo para maior efici\u00eancia e seguran\u00e7a nos procedimentos financeiros.<\/p>\n<h3>Redu\u00e7\u00e3o de riscos e conformidade<\/h3>\n<p>O BPO financeiro possui expertise em lidar com quest\u00f5es fiscais, cont\u00e1beis e trabalhistas, garantindo que sua empresa esteja em conformidade com as regulamenta\u00e7\u00f5es locais e nacionais.<\/p>\n<p>A equipe de profissionais qualificados acompanhar\u00e1 as mudan\u00e7as nas leis e normas, ajudando a evitar problemas fiscais e trabalhistas, bem como multas e penalidades associadas ao n\u00e3o cumprimento das obriga\u00e7\u00f5es legais.<\/p>\n<h2>Empresa de BPO Financeiro em Limeira: vem para a Inspira Capital!<\/h2>\n<p>Chegou o momento de transformar a gest\u00e3o financeira da sua empresa com o servi\u00e7o BPO Finance da Inspira Capital. N\u00e3o perca mais tempo e aproveite os benef\u00edcios de contar com uma equipe especializada, liberando recursos preciosos para focar no crescimento do seu neg\u00f3cio.<\/p>\n<p>Nossa equipe \u00e9 dedicada a opera\u00e7\u00f5es financeiras e gest\u00e3o, assumindo toda a responsabilidade operacional. Com nossa expertise, voc\u00ea ter\u00e1 maior controle, visibilidade e economia nos processos de aprova\u00e7\u00e3o de pagamentos.<\/p>\n<p>Al\u00e9m disso, somos mais do que um prestador de servi\u00e7os &#8211; nos tornamos um parceiro estrat\u00e9gico, oferecendo conhecimento sist\u00eamico e banc\u00e1rio para impulsionar seu crescimento.<\/p>\n<p>N\u00e3o espere mais, entre em contato conosco e descubra como o BPO Finance da Inspira Capital pode levar sua empresa em Limeira a novos patamares de sucesso financeiro.<\/p>\n<p>Vamos crescer juntos agora?<\/p>\n<p>Aproveite esta oportunidade para implementar o BPO Finance e clique no bot\u00e3o abaixo para falar com um de nossos Inspirers e obter mais informa\u00e7\u00f5es sobre nossas solu\u00e7\u00f5es personalizadas.<\/p>\n<p><\/p>\n<p><\/p>\t\t\t\t\t\t\t\t<\/div>\n\t\t\t\t<\/div>\n\t\t\t\t<div class=\"elementor-element elementor-element-d8d937c elementor-align-center elementor-widget elementor-widget-button\" data-id=\"d8d937c\" data-element_type=\"widget\" data-e-type=\"widget\" data-widget_type=\"button.default\">\n\t\t\t\t<div class=\"elementor-widget-container\">\n\t\t\t\t\t\t\t\t\t<div class=\"elementor-button-wrapper\">\n\t\t\t\t\t<a class=\"elementor-button elementor-button-link elementor-size-sm\" href=\"https:\/\/api.whatsapp.com\/send\/?phone=5511997618764&#038;text=Ol%C3%A1%2C+gostaria+de+saber+mais+sobre+as+solu%C3%A7%C3%B5es+da+Inspira+Capital%21&#038;type=phone_number&#038;app_absent=0\">\n\t\t\t\t\t\t<span class=\"elementor-button-content-wrapper\">\n\t\t\t\t\t\t\t\t\t<span class=\"elementor-button-text\">QUERO FALAR COM UM ESPECIALISTA!<\/span>\n\t\t\t\t\t<\/span>\n\t\t\t\t\t<\/a>\n\t\t\t\t<\/div>\n\t\t\t\t\t\t\t\t<\/div>\n\t\t\t\t<\/div>\n\t\t\t\t\t<\/div>\n\t\t\t\t<\/div>\n\t\t\t\t<\/div>\n\t\t","protected":false},"excerpt":{"rendered":"<p>O Melhor BPO Financeiro do Brasil Perfeito para Sua Empresa! Transforme a maneira como voc\u00ea lida com as finan\u00e7as. Deixe a burocracia com a gente e foque em expandir sua empresa! Sua empresa merece o melhor! Qualidade garantida. Preencha agora o formulario, aproveite que voc\u00ea n\u00e3o vai pagar multa! Primeiros 30 dias s\u00e3o gratuitos. Empresa [&hellip;]<\/p>\n","protected":false},"author":6,"featured_media":0,"parent":0,"menu_order":0,"comment_status":"closed","ping_status":"closed","template":"","meta":{"footnotes":""},"class_list":["post-2092","page","type-page","status-publish","hentry"],"yoast_head":"<!-- This site is optimized with the Yoast SEO plugin v27.1.1 - https:\/\/yoast.com\/product\/yoast-seo-wordpress\/ -->\n<title>Empresa de BPO Financeiro em Limeira: descubra os benef\u00edcios! - Portal Inspira Capital<\/title>\n<meta name=\"robots\" content=\"index, follow, max-snippet:-1, max-image-preview:large, max-video-preview:-1\" \/>\n<link rel=\"canonical\" href=\"https:\/\/inspiracapital.com.br\/portal\/empresa-bpo-financeiro-limeira\/\" \/>\n<meta property=\"og:locale\" content=\"pt_BR\" \/>\n<meta property=\"og:type\" content=\"article\" \/>\n<meta property=\"og:title\" content=\"Empresa de BPO Financeiro em Limeira: descubra os benef\u00edcios! - Portal Inspira Capital\" \/>\n<meta property=\"og:description\" content=\"O Melhor BPO Financeiro do Brasil Perfeito para Sua Empresa! Transforme a maneira como voc\u00ea lida com as finan\u00e7as. Deixe a burocracia com a gente e foque em expandir sua empresa! Sua empresa merece o melhor! Qualidade garantida. Preencha agora o formulario, aproveite que voc\u00ea n\u00e3o vai pagar multa! Primeiros 30 dias s\u00e3o gratuitos. Empresa [&hellip;]\" \/>\n<meta property=\"og:url\" content=\"https:\/\/inspiracapital.com.br\/portal\/empresa-bpo-financeiro-limeira\/\" \/>\n<meta property=\"og:site_name\" content=\"Portal Inspira Capital\" \/>\n<meta property=\"article:modified_time\" content=\"2024-10-09T22:41:51+00:00\" \/>\n<meta property=\"og:image\" content=\"http:\/\/inspiracapital.com.br\/portal\/wp-content\/uploads\/2024\/09\/logo-inspira-white.png\" \/>\n<meta name=\"twitter:card\" content=\"summary_large_image\" \/>\n<meta name=\"twitter:label1\" content=\"Est. tempo de leitura\" \/>\n\t<meta name=\"twitter:data1\" content=\"5 minutos\" \/>\n<script type=\"application\/ld+json\" class=\"yoast-schema-graph\">{\"@context\":\"https:\/\/schema.org\",\"@graph\":[{\"@type\":\"WebPage\",\"@id\":\"https:\/\/inspiracapital.com.br\/portal\/empresa-bpo-financeiro-limeira\/\",\"url\":\"https:\/\/inspiracapital.com.br\/portal\/empresa-bpo-financeiro-limeira\/\",\"name\":\"Empresa de BPO Financeiro em Limeira: descubra os benef\u00edcios! - Portal Inspira Capital\",\"isPartOf\":{\"@id\":\"https:\/\/inspiracapital.com.br\/portal\/#website\"},\"primaryImageOfPage\":{\"@id\":\"https:\/\/inspiracapital.com.br\/portal\/empresa-bpo-financeiro-limeira\/#primaryimage\"},\"image\":{\"@id\":\"https:\/\/inspiracapital.com.br\/portal\/empresa-bpo-financeiro-limeira\/#primaryimage\"},\"thumbnailUrl\":\"http:\/\/inspiracapital.com.br\/portal\/wp-content\/uploads\/2024\/09\/logo-inspira-white.png\",\"datePublished\":\"2024-10-09T22:12:49+00:00\",\"dateModified\":\"2024-10-09T22:41:51+00:00\",\"breadcrumb\":{\"@id\":\"https:\/\/inspiracapital.com.br\/portal\/empresa-bpo-financeiro-limeira\/#breadcrumb\"},\"inLanguage\":\"pt-BR\",\"potentialAction\":[{\"@type\":\"ReadAction\",\"target\":[\"https:\/\/inspiracapital.com.br\/portal\/empresa-bpo-financeiro-limeira\/\"]}]},{\"@type\":\"ImageObject\",\"inLanguage\":\"pt-BR\",\"@id\":\"https:\/\/inspiracapital.com.br\/portal\/empresa-bpo-financeiro-limeira\/#primaryimage\",\"url\":\"https:\/\/inspiracapital.com.br\/portal\/wp-content\/uploads\/2024\/09\/logo-inspira-white.png\",\"contentUrl\":\"https:\/\/inspiracapital.com.br\/portal\/wp-content\/uploads\/2024\/09\/logo-inspira-white.png\",\"width\":3015,\"height\":1249},{\"@type\":\"BreadcrumbList\",\"@id\":\"https:\/\/inspiracapital.com.br\/portal\/empresa-bpo-financeiro-limeira\/#breadcrumb\",\"itemListElement\":[{\"@type\":\"ListItem\",\"position\":1,\"name\":\"In\u00edcio\",\"item\":\"https:\/\/inspiracapital.com.br\/portal\/\"},{\"@type\":\"ListItem\",\"position\":2,\"name\":\"Empresa de BPO Financeiro em Limeira: descubra os benef\u00edcios!\"}]},{\"@type\":\"WebSite\",\"@id\":\"https:\/\/inspiracapital.com.br\/portal\/#website\",\"url\":\"https:\/\/inspiracapital.com.br\/portal\/\",\"name\":\"Portal Inspira Capital\",\"description\":\"Portal Inspira Capital\",\"publisher\":{\"@id\":\"https:\/\/inspiracapital.com.br\/portal\/#organization\"},\"potentialAction\":[{\"@type\":\"SearchAction\",\"target\":{\"@type\":\"EntryPoint\",\"urlTemplate\":\"https:\/\/inspiracapital.com.br\/portal\/?s={search_term_string}\"},\"query-input\":{\"@type\":\"PropertyValueSpecification\",\"valueRequired\":true,\"valueName\":\"search_term_string\"}}],\"inLanguage\":\"pt-BR\"},{\"@type\":\"Organization\",\"@id\":\"https:\/\/inspiracapital.com.br\/portal\/#organization\",\"name\":\"Inspira Capital\",\"alternateName\":\"IC\",\"url\":\"https:\/\/inspiracapital.com.br\/portal\/\",\"logo\":{\"@type\":\"ImageObject\",\"inLanguage\":\"pt-BR\",\"@id\":\"https:\/\/inspiracapital.com.br\/portal\/#\/schema\/logo\/image\/\",\"url\":\"https:\/\/inspiracapital.com.br\/portal\/wp-content\/uploads\/2024\/09\/Design-sem-nome-2025-12-20T120219.772-scaled.png\",\"contentUrl\":\"https:\/\/inspiracapital.com.br\/portal\/wp-content\/uploads\/2024\/09\/Design-sem-nome-2025-12-20T120219.772-scaled.png\",\"width\":1920,\"height\":2560,\"caption\":\"Inspira Capital\"},\"image\":{\"@id\":\"https:\/\/inspiracapital.com.br\/portal\/#\/schema\/logo\/image\/\"}}]}<\/script>\n<!-- \/ Yoast SEO plugin. -->","yoast_head_json":{"title":"Empresa de BPO Financeiro em Limeira: descubra os benef\u00edcios! - Portal Inspira Capital","robots":{"index":"index","follow":"follow","max-snippet":"max-snippet:-1","max-image-preview":"max-image-preview:large","max-video-preview":"max-video-preview:-1"},"canonical":"https:\/\/inspiracapital.com.br\/portal\/empresa-bpo-financeiro-limeira\/","og_locale":"pt_BR","og_type":"article","og_title":"Empresa de BPO Financeiro em Limeira: descubra os benef\u00edcios! - Portal Inspira Capital","og_description":"O Melhor BPO Financeiro do Brasil Perfeito para Sua Empresa! Transforme a maneira como voc\u00ea lida com as finan\u00e7as. Deixe a burocracia com a gente e foque em expandir sua empresa! Sua empresa merece o melhor! Qualidade garantida. Preencha agora o formulario, aproveite que voc\u00ea n\u00e3o vai pagar multa! Primeiros 30 dias s\u00e3o gratuitos. Empresa [&hellip;]","og_url":"https:\/\/inspiracapital.com.br\/portal\/empresa-bpo-financeiro-limeira\/","og_site_name":"Portal Inspira Capital","article_modified_time":"2024-10-09T22:41:51+00:00","og_image":[{"url":"http:\/\/inspiracapital.com.br\/portal\/wp-content\/uploads\/2024\/09\/logo-inspira-white.png","type":"","width":"","height":""}],"twitter_card":"summary_large_image","twitter_misc":{"Est. tempo de leitura":"5 minutos"},"schema":{"@context":"https:\/\/schema.org","@graph":[{"@type":"WebPage","@id":"https:\/\/inspiracapital.com.br\/portal\/empresa-bpo-financeiro-limeira\/","url":"https:\/\/inspiracapital.com.br\/portal\/empresa-bpo-financeiro-limeira\/","name":"Empresa de BPO Financeiro em Limeira: descubra os benef\u00edcios! - Portal Inspira Capital","isPartOf":{"@id":"https:\/\/inspiracapital.com.br\/portal\/#website"},"primaryImageOfPage":{"@id":"https:\/\/inspiracapital.com.br\/portal\/empresa-bpo-financeiro-limeira\/#primaryimage"},"image":{"@id":"https:\/\/inspiracapital.com.br\/portal\/empresa-bpo-financeiro-limeira\/#primaryimage"},"thumbnailUrl":"http:\/\/inspiracapital.com.br\/portal\/wp-content\/uploads\/2024\/09\/logo-inspira-white.png","datePublished":"2024-10-09T22:12:49+00:00","dateModified":"2024-10-09T22:41:51+00:00","breadcrumb":{"@id":"https:\/\/inspiracapital.com.br\/portal\/empresa-bpo-financeiro-limeira\/#breadcrumb"},"inLanguage":"pt-BR","potentialAction":[{"@type":"ReadAction","target":["https:\/\/inspiracapital.com.br\/portal\/empresa-bpo-financeiro-limeira\/"]}]},{"@type":"ImageObject","inLanguage":"pt-BR","@id":"https:\/\/inspiracapital.com.br\/portal\/empresa-bpo-financeiro-limeira\/#primaryimage","url":"https:\/\/inspiracapital.com.br\/portal\/wp-content\/uploads\/2024\/09\/logo-inspira-white.png","contentUrl":"https:\/\/inspiracapital.com.br\/portal\/wp-content\/uploads\/2024\/09\/logo-inspira-white.png","width":3015,"height":1249},{"@type":"BreadcrumbList","@id":"https:\/\/inspiracapital.com.br\/portal\/empresa-bpo-financeiro-limeira\/#breadcrumb","itemListElement":[{"@type":"ListItem","position":1,"name":"In\u00edcio","item":"https:\/\/inspiracapital.com.br\/portal\/"},{"@type":"ListItem","position":2,"name":"Empresa de BPO Financeiro em Limeira: descubra os benef\u00edcios!"}]},{"@type":"WebSite","@id":"https:\/\/inspiracapital.com.br\/portal\/#website","url":"https:\/\/inspiracapital.com.br\/portal\/","name":"Portal Inspira Capital","description":"Portal Inspira Capital","publisher":{"@id":"https:\/\/inspiracapital.com.br\/portal\/#organization"},"potentialAction":[{"@type":"SearchAction","target":{"@type":"EntryPoint","urlTemplate":"https:\/\/inspiracapital.com.br\/portal\/?s={search_term_string}"},"query-input":{"@type":"PropertyValueSpecification","valueRequired":true,"valueName":"search_term_string"}}],"inLanguage":"pt-BR"},{"@type":"Organization","@id":"https:\/\/inspiracapital.com.br\/portal\/#organization","name":"Inspira Capital","alternateName":"IC","url":"https:\/\/inspiracapital.com.br\/portal\/","logo":{"@type":"ImageObject","inLanguage":"pt-BR","@id":"https:\/\/inspiracapital.com.br\/portal\/#\/schema\/logo\/image\/","url":"https:\/\/inspiracapital.com.br\/portal\/wp-content\/uploads\/2024\/09\/Design-sem-nome-2025-12-20T120219.772-scaled.png","contentUrl":"https:\/\/inspiracapital.com.br\/portal\/wp-content\/uploads\/2024\/09\/Design-sem-nome-2025-12-20T120219.772-scaled.png","width":1920,"height":2560,"caption":"Inspira Capital"},"image":{"@id":"https:\/\/inspiracapital.com.br\/portal\/#\/schema\/logo\/image\/"}}]}},"_links":{"self":[{"href":"https:\/\/inspiracapital.com.br\/portal\/wp-json\/wp\/v2\/pages\/2092","targetHints":{"allow":["GET"]}}],"collection":[{"href":"https:\/\/inspiracapital.com.br\/portal\/wp-json\/wp\/v2\/pages"}],"about":[{"href":"https:\/\/inspiracapital.com.br\/portal\/wp-json\/wp\/v2\/types\/page"}],"author":[{"embeddable":true,"href":"https:\/\/inspiracapital.com.br\/portal\/wp-json\/wp\/v2\/users\/6"}],"replies":[{"embeddable":true,"href":"https:\/\/inspiracapital.com.br\/portal\/wp-json\/wp\/v2\/comments?post=2092"}],"version-history":[{"count":8,"href":"https:\/\/inspiracapital.com.br\/portal\/wp-json\/wp\/v2\/pages\/2092\/revisions"}],"predecessor-version":[{"id":2173,"href":"https:\/\/inspiracapital.com.br\/portal\/wp-json\/wp\/v2\/pages\/2092\/revisions\/2173"}],"wp:attachment":[{"href":"https:\/\/inspiracapital.com.br\/portal\/wp-json\/wp\/v2\/media?parent=2092"}],"curies":[{"name":"wp","href":"https:\/\/api.w.org\/{rel}","templated":true}]}}